{"id":538,"date":"2023-02-19T11:26:57","date_gmt":"2023-02-19T10:26:57","guid":{"rendered":"https:\/\/anidiwall.fr\/?page_id=538"},"modified":"2023-02-22T12:39:37","modified_gmt":"2023-02-22T11:39:37","slug":"peccram","status":"publish","type":"page","link":"https:\/\/anidiwall.fr\/index.php\/peccram\/","title":{"rendered":"Peccram"},"content":{"rendered":"\t\t<div data-elementor-type=\"wp-page\" data-elementor-id=\"538\" class=\"elementor elementor-538\">\n\t\t\t\t\t\t<section class=\"elementor-section elementor-top-section elementor-element elementor-element-e0bd97a elementor-section-boxed elementor-section-height-default elementor-section-height-default\" data-id=\"e0bd97a\" data-element_type=\"section\">\n\t\t\t\t\t\t<div class=\"elementor-container elementor-column-gap-default\">\n\t\t\t\t\t<div class=\"elementor-column elementor-col-50 elementor-top-column elementor-element elementor-element-b3e174c\" data-id=\"b3e174c\" data-element_type=\"column\">\n\t\t\t<div class=\"elementor-widget-wrap elementor-element-populated\">\n\t\t\t\t\t\t<div class=\"elementor-element elementor-element-8437ff8 elementor-widget elementor-widget-text-editor\" data-id=\"8437ff8\" data-element_type=\"widget\" data-widget_type=\"text-editor.default\">\n\t\t\t\t<div class=\"elementor-widget-container\">\n\t\t\t\t\t\t\t\t\t<h1>Peccram<\/h1><p>Programme d\u2019\u00e9ducation \u00e0 la Connaissance du\u00a0Chien et aux Risques d\u2019Accidents par\u00a0Morsures.<\/p><p>Les enfants sont amen\u00e9s \u00e0 rencontrer des chiens au quotidien (lieux publics, chemin de l\u2019\u00e9cole, chez des amis, voisins, famille\u2026) mais tr\u00e8s peu d\u2019entre eux comprennent le langage canin et savent les aborder.<\/p><p>Form\u00e9e en tant qu\u2019intervenante PECCRAM, je propose diff\u00e9rents ateliers pour favoriser une meilleure int\u00e9gration du chien dans l\u2019environnement. Le chien a son propre langage il faut apprendre \u00e0 le conna\u00eetre pour bien vivre avec lui.<\/p><p>\u00a0<\/p>\t\t\t\t\t\t\t\t<\/div>\n\t\t\t\t<\/div>\n\t\t\t\t\t<\/div>\n\t\t<\/div>\n\t\t\t\t<div class=\"elementor-column elementor-col-50 elementor-top-column elementor-element elementor-element-57ab7e7\" data-id=\"57ab7e7\" data-element_type=\"column\">\n\t\t\t<div class=\"elementor-widget-wrap elementor-element-populated\">\n\t\t\t\t\t\t<div class=\"elementor-element elementor-element-cf87cbb elementor-widget elementor-widget-image\" data-id=\"cf87cbb\" data-element_type=\"widget\" data-widget_type=\"image.default\">\n\t\t\t\t<div class=\"elementor-widget-container\">\n\t\t\t\t\t\t\t\t\t\t\t\t\t\t\t<img fetchpriority=\"high\" decoding=\"async\" width=\"1024\" height=\"576\" src=\"https:\/\/anidiwall.fr\/wp-content\/uploads\/2023\/02\/OUTILS-PECCRAM-1024x576.jpg\" class=\"attachment-large size-large wp-image-488\" alt=\"\" srcset=\"https:\/\/anidiwall.fr\/wp-content\/uploads\/2023\/02\/OUTILS-PECCRAM-1024x576.jpg 1024w, https:\/\/anidiwall.fr\/wp-content\/uploads\/2023\/02\/OUTILS-PECCRAM-300x169.jpg 300w, https:\/\/anidiwall.fr\/wp-content\/uploads\/2023\/02\/OUTILS-PECCRAM-768x432.jpg 768w, https:\/\/anidiwall.fr\/wp-content\/uploads\/2023\/02\/OUTILS-PECCRAM-1536x864.jpg 1536w, https:\/\/anidiwall.fr\/wp-content\/uploads\/2023\/02\/OUTILS-PECCRAM-2048x1152.jpg 2048w, https:\/\/anidiwall.fr\/wp-content\/uploads\/2023\/02\/OUTILS-PECCRAM-800x450.jpg 800w\" sizes=\"(max-width: 1024px) 100vw, 1024px\" \/>\t\t\t\t\t\t\t\t\t\t\t\t\t\t\t<\/div>\n\t\t\t\t<\/div>\n\t\t\t\t\t<\/div>\n\t\t<\/div>\n\t\t\t\t\t<\/div>\n\t\t<\/section>\n\t\t\t\t<section class=\"elementor-section elementor-top-section elementor-element elementor-element-4079bdc elementor-section-boxed elementor-section-height-default elementor-section-height-default\" data-id=\"4079bdc\" data-element_type=\"section\">\n\t\t\t\t\t\t<div class=\"elementor-container elementor-column-gap-default\">\n\t\t\t\t\t<div class=\"elementor-column elementor-col-50 elementor-top-column elementor-element elementor-element-b8bc35f\" data-id=\"b8bc35f\" data-element_type=\"column\">\n\t\t\t<div class=\"elementor-widget-wrap elementor-element-populated\">\n\t\t\t\t\t\t<div class=\"elementor-element elementor-element-3713a6a elementor-widget elementor-widget-image\" data-id=\"3713a6a\" data-element_type=\"widget\" data-widget_type=\"image.default\">\n\t\t\t\t<div class=\"elementor-widget-container\">\n\t\t\t\t\t\t\t\t\t\t\t\t\t\t\t<img decoding=\"async\" width=\"622\" height=\"1024\" src=\"https:\/\/anidiwall.fr\/wp-content\/uploads\/2023\/02\/chienlong1-622x1024.jpg\" class=\"attachment-large size-large wp-image-748\" alt=\"\" srcset=\"https:\/\/anidiwall.fr\/wp-content\/uploads\/2023\/02\/chienlong1-622x1024.jpg 622w, https:\/\/anidiwall.fr\/wp-content\/uploads\/2023\/02\/chienlong1-182x300.jpg 182w, https:\/\/anidiwall.fr\/wp-content\/uploads\/2023\/02\/chienlong1-768x1264.jpg 768w, https:\/\/anidiwall.fr\/wp-content\/uploads\/2023\/02\/chienlong1-933x1536.jpg 933w, https:\/\/anidiwall.fr\/wp-content\/uploads\/2023\/02\/chienlong1-1245x2048.jpg 1245w, https:\/\/anidiwall.fr\/wp-content\/uploads\/2023\/02\/chienlong1-scaled.jpg 1556w\" sizes=\"(max-width: 622px) 100vw, 622px\" \/>\t\t\t\t\t\t\t\t\t\t\t\t\t\t\t<\/div>\n\t\t\t\t<\/div>\n\t\t\t\t\t<\/div>\n\t\t<\/div>\n\t\t\t\t<div class=\"elementor-column elementor-col-50 elementor-top-column elementor-element elementor-element-df03770\" data-id=\"df03770\" data-element_type=\"column\">\n\t\t\t<div class=\"elementor-widget-wrap elementor-element-populated\">\n\t\t\t\t\t\t<div class=\"elementor-element elementor-element-d29de84 elementor-widget elementor-widget-text-editor\" data-id=\"d29de84\" data-element_type=\"widget\" data-widget_type=\"text-editor.default\">\n\t\t\t\t<div class=\"elementor-widget-container\">\n\t\t\t\t\t\t\t\t\t<p>Ce programme \u00e9ducatif sur la Connaissance du Chien et la pr\u00e9vention des accidents, est n\u00e9 de Chantal HAZARD, retrait\u00e9e de l&rsquo;Education Nationale, comportementaliste dipl\u00f4m\u00e9e et intervenante en zooth\u00e9rapie, qui a mis \u00e0 profit ses 40 ann\u00e9es d&rsquo;exp\u00e9rience au service des enfants et du chien.<\/p><p>Il a pour but de sensibiliser et \u00e9duquer les plus jeunes \u00e0 ce qu\u2019est un chien, autour d&rsquo;ateliers ludiques, interactifs et citoyens pour mieux conna\u00eetre les chiens, ses \u00e9motions, son langage et apprendre les gestes et comportements \u00e0 adopter.<\/p><p>Plusieurs supports : illustrations, jeux de r\u00f4le, atelier cr\u00e9atif, petit film, peluches&#8230;<\/p><p>S&rsquo;appuyant sur les congr\u00e8s internationaux et programmes comparables (PEACE en Belgique, PAM en Suisse, BARK aux USA). PECCRAM a \u00e9t\u00e9 reconnu par le Minist\u00e8re de l&rsquo;agriculture, la communaut\u00e9 v\u00e9t\u00e9rinaire et le Minist\u00e8re de la sant\u00e9.<\/p><p><strong>Les objectifs :<\/strong><\/p><ul><li><p>un comportement plus s\u00e9curitaire avec les chiens<\/p><\/li><li><p>une r\u00e9duction des risques et potentiellement des morsures<\/p><\/li><li><p>la protection de l&rsquo;enfant<\/p><\/li><li><p>la protection du chien<\/p><\/li><\/ul><p><strong>Ou se d\u00e9roule l\u2019atelier\u00a0?<\/strong><\/p><p>Dans les \u00e9coles maternelles et primaires, lors des Temps p\u00e9riscolaire, centres de loisirs, toutes structures accueillant des enfants de 4 \u00e0 10ans.<\/p><p>Ces ateliers sont ludiques et vari\u00e9s et favorise la connaissance du chien pour l\u2019harmonie des relations homme-chien.<\/p><p>Ateliers au sein d\u2019une structure professionnelle 45\u20ac<\/p><p>Atelier dans le cadre de la sph\u00e8re priv\u00e9e 7\u20ac \/ enfant (groupe de 5 \u00e0 10)<\/p>\t\t\t\t\t\t\t\t<\/div>\n\t\t\t\t<\/div>\n\t\t\t\t\t<\/div>\n\t\t<\/div>\n\t\t\t\t\t<\/div>\n\t\t<\/section>\n\t\t\t\t<\/div>\n\t\t","protected":false},"excerpt":{"rendered":"<p>Peccram Programme d\u2019\u00e9ducation \u00e0 la Connaissance du\u00a0Chien et aux Risques d\u2019Accidents par\u00a0Morsures. Les enfants sont amen\u00e9s \u00e0 rencontrer des chiens au quotidien (lieux publics, chemin de l\u2019\u00e9cole, chez des amis, voisins, famille\u2026) mais tr\u00e8s peu d\u2019entre eux comprennent le langage canin et savent les aborder. Form\u00e9e en tant qu\u2019intervenante PECCRAM, je propose diff\u00e9rents ateliers pour [&hellip;]<\/p>\n","protected":false},"author":1,"featured_media":0,"parent":0,"menu_order":0,"comment_status":"closed","ping_status":"closed","template":"","meta":{"ocean_post_layout":"","ocean_both_sidebars_style":"","ocean_both_sidebars_content_width":0,"ocean_both_sidebars_sidebars_width":0,"ocean_sidebar":"","ocean_second_sidebar":"","ocean_disable_margins":"enable","ocean_add_body_class":"","ocean_shortcode_before_top_bar":"","ocean_shortcode_after_top_bar":"","ocean_shortcode_before_header":"","ocean_shortcode_after_header":"","ocean_has_shortcode":"","ocean_shortcode_after_title":"","ocean_shortcode_before_footer_widgets":"","ocean_shortcode_after_footer_widgets":"","ocean_shortcode_before_footer_bottom":"","ocean_shortcode_after_footer_bottom":"","ocean_display_top_bar":"default","ocean_display_header":"default","ocean_header_style":"","ocean_center_header_left_menu":"","ocean_custom_header_template":"","ocean_custom_logo":0,"ocean_custom_retina_logo":0,"ocean_custom_logo_max_width":0,"ocean_custom_logo_tablet_max_width":0,"ocean_custom_logo_mobile_max_width":0,"ocean_custom_logo_max_height":0,"ocean_custom_logo_tablet_max_height":0,"ocean_custom_logo_mobile_max_height":0,"ocean_header_custom_menu":"","ocean_menu_typo_font_family":"","ocean_menu_typo_font_subset":"","ocean_menu_typo_font_size":0,"ocean_menu_typo_font_size_tablet":0,"ocean_menu_typo_font_size_mobile":0,"ocean_menu_typo_font_size_unit":"px","ocean_menu_typo_font_weight":"","ocean_menu_typo_font_weight_tablet":"","ocean_menu_typo_font_weight_mobile":"","ocean_menu_typo_transform":"","ocean_menu_typo_transform_tablet":"","ocean_menu_typo_transform_mobile":"","ocean_menu_typo_line_height":0,"ocean_menu_typo_line_height_tablet":0,"ocean_menu_typo_line_height_mobile":0,"ocean_menu_typo_line_height_unit":"","ocean_menu_typo_spacing":0,"ocean_menu_typo_spacing_tablet":0,"ocean_menu_typo_spacing_mobile":0,"ocean_menu_typo_spacing_unit":"","ocean_menu_link_color":"","ocean_menu_link_color_hover":"","ocean_menu_link_color_active":"","ocean_menu_link_background":"","ocean_menu_link_hover_background":"","ocean_menu_link_active_background":"","ocean_menu_social_links_bg":"","ocean_menu_social_hover_links_bg":"","ocean_menu_social_links_color":"","ocean_menu_social_hover_links_color":"","ocean_disable_title":"default","ocean_disable_heading":"default","ocean_post_title":"","ocean_post_subheading":"","ocean_post_title_style":"","ocean_post_title_background_color":"","ocean_post_title_background":0,"ocean_post_title_bg_image_position":"","ocean_post_title_bg_image_attachment":"","ocean_post_title_bg_image_repeat":"","ocean_post_title_bg_image_size":"","ocean_post_title_height":0,"ocean_post_title_bg_overlay":0.5,"ocean_post_title_bg_overlay_color":"","ocean_disable_breadcrumbs":"default","ocean_breadcrumbs_color":"","ocean_breadcrumbs_separator_color":"","ocean_breadcrumbs_links_color":"","ocean_breadcrumbs_links_hover_color":"","ocean_display_footer_widgets":"default","ocean_display_footer_bottom":"default","ocean_custom_footer_template":"","footnotes":""},"class_list":["post-538","page","type-page","status-publish","hentry","entry"],"yoast_head":"<!-- This site is optimized with the Yoast SEO plugin v24.7 - https:\/\/yoast.com\/wordpress\/plugins\/seo\/ -->\n<title>Peccram - Ani Diwall<\/title>\n<meta name=\"robots\" content=\"index, follow, max-snippet:-1, max-image-preview:large, max-video-preview:-1\" \/>\n<link rel=\"canonical\" href=\"https:\/\/anidiwall.fr\/index.php\/peccram\/\" \/>\n<meta property=\"og:locale\" content=\"fr_FR\" \/>\n<meta property=\"og:type\" content=\"article\" \/>\n<meta property=\"og:title\" content=\"Peccram - Ani Diwall\" \/>\n<meta property=\"og:description\" content=\"Peccram Programme d\u2019\u00e9ducation \u00e0 la Connaissance du\u00a0Chien et aux Risques d\u2019Accidents par\u00a0Morsures. Les enfants sont amen\u00e9s \u00e0 rencontrer des chiens au quotidien (lieux publics, chemin de l\u2019\u00e9cole, chez des amis, voisins, famille\u2026) mais tr\u00e8s peu d\u2019entre eux comprennent le langage canin et savent les aborder. Form\u00e9e en tant qu\u2019intervenante PECCRAM, je propose diff\u00e9rents ateliers pour [&hellip;]\" \/>\n<meta property=\"og:url\" content=\"https:\/\/anidiwall.fr\/index.php\/peccram\/\" \/>\n<meta property=\"og:site_name\" content=\"Ani Diwall\" \/>\n<meta property=\"article:publisher\" content=\"https:\/\/www.facebook.com\/profile.php?id=100089085783455\" \/>\n<meta property=\"article:modified_time\" content=\"2023-02-22T11:39:37+00:00\" \/>\n<meta property=\"og:image\" content=\"https:\/\/anidiwall.fr\/wp-content\/uploads\/2023\/02\/OUTILS-PECCRAM-1024x576.jpg\" \/>\n<meta name=\"twitter:card\" content=\"summary_large_image\" \/>\n<meta name=\"twitter:label1\" content=\"Dur\u00e9e de lecture estim\u00e9e\" \/>\n\t<meta name=\"twitter:data1\" content=\"2 minutes\" \/>\n<script type=\"application\/ld+json\" class=\"yoast-schema-graph\">{\"@context\":\"https:\/\/schema.org\",\"@graph\":[{\"@type\":\"WebPage\",\"@id\":\"https:\/\/anidiwall.fr\/index.php\/peccram\/\",\"url\":\"https:\/\/anidiwall.fr\/index.php\/peccram\/\",\"name\":\"Peccram - Ani Diwall\",\"isPartOf\":{\"@id\":\"https:\/\/anidiwall.fr\/#website\"},\"primaryImageOfPage\":{\"@id\":\"https:\/\/anidiwall.fr\/index.php\/peccram\/#primaryimage\"},\"image\":{\"@id\":\"https:\/\/anidiwall.fr\/index.php\/peccram\/#primaryimage\"},\"thumbnailUrl\":\"https:\/\/anidiwall.fr\/wp-content\/uploads\/2023\/02\/OUTILS-PECCRAM-1024x576.jpg\",\"datePublished\":\"2023-02-19T10:26:57+00:00\",\"dateModified\":\"2023-02-22T11:39:37+00:00\",\"breadcrumb\":{\"@id\":\"https:\/\/anidiwall.fr\/index.php\/peccram\/#breadcrumb\"},\"inLanguage\":\"fr-FR\",\"potentialAction\":[{\"@type\":\"ReadAction\",\"target\":[\"https:\/\/anidiwall.fr\/index.php\/peccram\/\"]}]},{\"@type\":\"ImageObject\",\"inLanguage\":\"fr-FR\",\"@id\":\"https:\/\/anidiwall.fr\/index.php\/peccram\/#primaryimage\",\"url\":\"https:\/\/anidiwall.fr\/wp-content\/uploads\/2023\/02\/OUTILS-PECCRAM-1024x576.jpg\",\"contentUrl\":\"https:\/\/anidiwall.fr\/wp-content\/uploads\/2023\/02\/OUTILS-PECCRAM-1024x576.jpg\"},{\"@type\":\"BreadcrumbList\",\"@id\":\"https:\/\/anidiwall.fr\/index.php\/peccram\/#breadcrumb\",\"itemListElement\":[{\"@type\":\"ListItem\",\"position\":1,\"name\":\"Accueil\",\"item\":\"https:\/\/anidiwall.fr\/\"},{\"@type\":\"ListItem\",\"position\":2,\"name\":\"Peccram\"}]},{\"@type\":\"WebSite\",\"@id\":\"https:\/\/anidiwall.fr\/#website\",\"url\":\"https:\/\/anidiwall.fr\/\",\"name\":\"Ani Diwall\",\"description\":\"Garde chien et chat\",\"publisher\":{\"@id\":\"https:\/\/anidiwall.fr\/#organization\"},\"potentialAction\":[{\"@type\":\"SearchAction\",\"target\":{\"@type\":\"EntryPoint\",\"urlTemplate\":\"https:\/\/anidiwall.fr\/?s={search_term_string}\"},\"query-input\":{\"@type\":\"PropertyValueSpecification\",\"valueRequired\":true,\"valueName\":\"search_term_string\"}}],\"inLanguage\":\"fr-FR\"},{\"@type\":\"Organization\",\"@id\":\"https:\/\/anidiwall.fr\/#organization\",\"name\":\"Anidiwall\",\"url\":\"https:\/\/anidiwall.fr\/\",\"logo\":{\"@type\":\"ImageObject\",\"inLanguage\":\"fr-FR\",\"@id\":\"https:\/\/anidiwall.fr\/#\/schema\/logo\/image\/\",\"url\":\"https:\/\/anidiwall.fr\/wp-content\/uploads\/2023\/02\/LOGO_ANIDIWALL_SANS_FOND_MOD.png\",\"contentUrl\":\"https:\/\/anidiwall.fr\/wp-content\/uploads\/2023\/02\/LOGO_ANIDIWALL_SANS_FOND_MOD.png\",\"width\":1400,\"height\":577,\"caption\":\"Anidiwall\"},\"image\":{\"@id\":\"https:\/\/anidiwall.fr\/#\/schema\/logo\/image\/\"},\"sameAs\":[\"https:\/\/www.facebook.com\/profile.php?id=100089085783455\",\"https:\/\/www.instagram.com\/soo_ads\/\"]}]}<\/script>\n<!-- \/ Yoast SEO plugin. -->","yoast_head_json":{"title":"Peccram - Ani Diwall","robots":{"index":"index","follow":"follow","max-snippet":"max-snippet:-1","max-image-preview":"max-image-preview:large","max-video-preview":"max-video-preview:-1"},"canonical":"https:\/\/anidiwall.fr\/index.php\/peccram\/","og_locale":"fr_FR","og_type":"article","og_title":"Peccram - Ani Diwall","og_description":"Peccram Programme d\u2019\u00e9ducation \u00e0 la Connaissance du\u00a0Chien et aux Risques d\u2019Accidents par\u00a0Morsures. Les enfants sont amen\u00e9s \u00e0 rencontrer des chiens au quotidien (lieux publics, chemin de l\u2019\u00e9cole, chez des amis, voisins, famille\u2026) mais tr\u00e8s peu d\u2019entre eux comprennent le langage canin et savent les aborder. Form\u00e9e en tant qu\u2019intervenante PECCRAM, je propose diff\u00e9rents ateliers pour [&hellip;]","og_url":"https:\/\/anidiwall.fr\/index.php\/peccram\/","og_site_name":"Ani Diwall","article_publisher":"https:\/\/www.facebook.com\/profile.php?id=100089085783455","article_modified_time":"2023-02-22T11:39:37+00:00","og_image":[{"url":"https:\/\/anidiwall.fr\/wp-content\/uploads\/2023\/02\/OUTILS-PECCRAM-1024x576.jpg","type":"","width":"","height":""}],"twitter_card":"summary_large_image","twitter_misc":{"Dur\u00e9e de lecture estim\u00e9e":"2 minutes"},"schema":{"@context":"https:\/\/schema.org","@graph":[{"@type":"WebPage","@id":"https:\/\/anidiwall.fr\/index.php\/peccram\/","url":"https:\/\/anidiwall.fr\/index.php\/peccram\/","name":"Peccram - Ani Diwall","isPartOf":{"@id":"https:\/\/anidiwall.fr\/#website"},"primaryImageOfPage":{"@id":"https:\/\/anidiwall.fr\/index.php\/peccram\/#primaryimage"},"image":{"@id":"https:\/\/anidiwall.fr\/index.php\/peccram\/#primaryimage"},"thumbnailUrl":"https:\/\/anidiwall.fr\/wp-content\/uploads\/2023\/02\/OUTILS-PECCRAM-1024x576.jpg","datePublished":"2023-02-19T10:26:57+00:00","dateModified":"2023-02-22T11:39:37+00:00","breadcrumb":{"@id":"https:\/\/anidiwall.fr\/index.php\/peccram\/#breadcrumb"},"inLanguage":"fr-FR","potentialAction":[{"@type":"ReadAction","target":["https:\/\/anidiwall.fr\/index.php\/peccram\/"]}]},{"@type":"ImageObject","inLanguage":"fr-FR","@id":"https:\/\/anidiwall.fr\/index.php\/peccram\/#primaryimage","url":"https:\/\/anidiwall.fr\/wp-content\/uploads\/2023\/02\/OUTILS-PECCRAM-1024x576.jpg","contentUrl":"https:\/\/anidiwall.fr\/wp-content\/uploads\/2023\/02\/OUTILS-PECCRAM-1024x576.jpg"},{"@type":"BreadcrumbList","@id":"https:\/\/anidiwall.fr\/index.php\/peccram\/#breadcrumb","itemListElement":[{"@type":"ListItem","position":1,"name":"Accueil","item":"https:\/\/anidiwall.fr\/"},{"@type":"ListItem","position":2,"name":"Peccram"}]},{"@type":"WebSite","@id":"https:\/\/anidiwall.fr\/#website","url":"https:\/\/anidiwall.fr\/","name":"Ani Diwall","description":"Garde chien et chat","publisher":{"@id":"https:\/\/anidiwall.fr\/#organization"},"potentialAction":[{"@type":"SearchAction","target":{"@type":"EntryPoint","urlTemplate":"https:\/\/anidiwall.fr\/?s={search_term_string}"},"query-input":{"@type":"PropertyValueSpecification","valueRequired":true,"valueName":"search_term_string"}}],"inLanguage":"fr-FR"},{"@type":"Organization","@id":"https:\/\/anidiwall.fr\/#organization","name":"Anidiwall","url":"https:\/\/anidiwall.fr\/","logo":{"@type":"ImageObject","inLanguage":"fr-FR","@id":"https:\/\/anidiwall.fr\/#\/schema\/logo\/image\/","url":"https:\/\/anidiwall.fr\/wp-content\/uploads\/2023\/02\/LOGO_ANIDIWALL_SANS_FOND_MOD.png","contentUrl":"https:\/\/anidiwall.fr\/wp-content\/uploads\/2023\/02\/LOGO_ANIDIWALL_SANS_FOND_MOD.png","width":1400,"height":577,"caption":"Anidiwall"},"image":{"@id":"https:\/\/anidiwall.fr\/#\/schema\/logo\/image\/"},"sameAs":["https:\/\/www.facebook.com\/profile.php?id=100089085783455","https:\/\/www.instagram.com\/soo_ads\/"]}]}},"_links":{"self":[{"href":"https:\/\/anidiwall.fr\/index.php\/wp-json\/wp\/v2\/pages\/538","targetHints":{"allow":["GET"]}}],"collection":[{"href":"https:\/\/anidiwall.fr\/index.php\/wp-json\/wp\/v2\/pages"}],"about":[{"href":"https:\/\/anidiwall.fr\/index.php\/wp-json\/wp\/v2\/types\/page"}],"author":[{"embeddable":true,"href":"https:\/\/anidiwall.fr\/index.php\/wp-json\/wp\/v2\/users\/1"}],"replies":[{"embeddable":true,"href":"https:\/\/anidiwall.fr\/index.php\/wp-json\/wp\/v2\/comments?post=538"}],"version-history":[{"count":25,"href":"https:\/\/anidiwall.fr\/index.php\/wp-json\/wp\/v2\/pages\/538\/revisions"}],"predecessor-version":[{"id":1183,"href":"https:\/\/anidiwall.fr\/index.php\/wp-json\/wp\/v2\/pages\/538\/revisions\/1183"}],"wp:attachment":[{"href":"https:\/\/anidiwall.fr\/index.php\/wp-json\/wp\/v2\/media?parent=538"}],"curies":[{"name":"wp","href":"https:\/\/api.w.org\/{rel}","templated":true}]}}