{"id":536,"date":"2023-02-19T11:26:41","date_gmt":"2023-02-19T10:26:41","guid":{"rendered":"https:\/\/anidiwall.fr\/?page_id=536"},"modified":"2023-02-22T12:34:10","modified_gmt":"2023-02-22T11:34:10","slug":"transport-animalier","status":"publish","type":"page","link":"https:\/\/anidiwall.fr\/index.php\/transport-animalier\/","title":{"rendered":"Transport animalier"},"content":{"rendered":"\t\t<div data-elementor-type=\"wp-page\" data-elementor-id=\"536\" class=\"elementor elementor-536\">\n\t\t\t\t\t\t<section class=\"elementor-section elementor-top-section elementor-element elementor-element-a651da5 elementor-section-boxed elementor-section-height-default elementor-section-height-default\" data-id=\"a651da5\" data-element_type=\"section\">\n\t\t\t\t\t\t<div class=\"elementor-container elementor-column-gap-default\">\n\t\t\t\t\t<div class=\"elementor-column elementor-col-50 elementor-top-column elementor-element elementor-element-8d33409\" data-id=\"8d33409\" data-element_type=\"column\">\n\t\t\t<div class=\"elementor-widget-wrap elementor-element-populated\">\n\t\t\t\t\t\t<div class=\"elementor-element elementor-element-f540fac elementor-widget elementor-widget-text-editor\" data-id=\"f540fac\" data-element_type=\"widget\" data-widget_type=\"text-editor.default\">\n\t\t\t\t<div class=\"elementor-widget-container\">\n\t\t\t\t\t\t\t\t\t<h1>Transport animalier<\/h1><p><span style=\"color: #ff0000;\">Attention ! Service en attente d&rsquo;agr\u00e9ment, bient\u00f4t disponible.<\/span><\/p><p>Vous ne pouvez vous rendre chez le v\u00e9t\u00e9rinaire, le toiletteur,&#8230; ?<\/p><p>Je viens chercher votre animal \u00e0 votre domicile et le prend enti\u00e8rement en charge :<\/p><ul><li>V\u00e9t\u00e9rinaire : transport aller-retour + visite.<\/li><li>Toiletteur : transport aller-retour + temps d&rsquo;attente.<\/li><\/ul>\t\t\t\t\t\t\t\t<\/div>\n\t\t\t\t<\/div>\n\t\t\t\t\t<\/div>\n\t\t<\/div>\n\t\t\t\t<div class=\"elementor-column elementor-col-50 elementor-top-column elementor-element elementor-element-89f7dc3\" data-id=\"89f7dc3\" data-element_type=\"column\">\n\t\t\t<div class=\"elementor-widget-wrap elementor-element-populated\">\n\t\t\t\t\t\t<div class=\"elementor-element elementor-element-d471731 elementor-widget elementor-widget-image\" data-id=\"d471731\" data-element_type=\"widget\" data-widget_type=\"image.default\">\n\t\t\t\t<div class=\"elementor-widget-container\">\n\t\t\t\t\t\t\t\t\t\t\t\t\t\t\t<img fetchpriority=\"high\" decoding=\"async\" width=\"1024\" height=\"578\" src=\"https:\/\/anidiwall.fr\/wp-content\/uploads\/2023\/02\/chat3-1024x578.jpg\" class=\"attachment-large size-large wp-image-706\" alt=\"\" srcset=\"https:\/\/anidiwall.fr\/wp-content\/uploads\/2023\/02\/chat3-1024x578.jpg 1024w, https:\/\/anidiwall.fr\/wp-content\/uploads\/2023\/02\/chat3-300x169.jpg 300w, https:\/\/anidiwall.fr\/wp-content\/uploads\/2023\/02\/chat3-768x433.jpg 768w, https:\/\/anidiwall.fr\/wp-content\/uploads\/2023\/02\/chat3-1536x866.jpg 1536w, https:\/\/anidiwall.fr\/wp-content\/uploads\/2023\/02\/chat3-2048x1155.jpg 2048w\" sizes=\"(max-width: 1024px) 100vw, 1024px\" \/>\t\t\t\t\t\t\t\t\t\t\t\t\t\t\t<\/div>\n\t\t\t\t<\/div>\n\t\t\t\t\t<\/div>\n\t\t<\/div>\n\t\t\t\t\t<\/div>\n\t\t<\/section>\n\t\t\t\t<section class=\"elementor-section elementor-top-section elementor-element elementor-element-022b97c elementor-section-boxed elementor-section-height-default elementor-section-height-default\" data-id=\"022b97c\" data-element_type=\"section\">\n\t\t\t\t\t\t<div class=\"elementor-container elementor-column-gap-default\">\n\t\t\t\t\t<div class=\"elementor-column elementor-col-50 elementor-top-column elementor-element elementor-element-45f58a8\" data-id=\"45f58a8\" data-element_type=\"column\">\n\t\t\t<div class=\"elementor-widget-wrap elementor-element-populated\">\n\t\t\t\t\t\t<div class=\"elementor-element elementor-element-2c4ae06 elementor-widget elementor-widget-image\" data-id=\"2c4ae06\" data-element_type=\"widget\" data-widget_type=\"image.default\">\n\t\t\t\t<div class=\"elementor-widget-container\">\n\t\t\t\t\t\t\t\t\t\t\t\t\t\t\t<img decoding=\"async\" width=\"888\" height=\"659\" src=\"https:\/\/anidiwall.fr\/wp-content\/uploads\/2023\/02\/distance.png\" class=\"attachment-large size-large wp-image-755\" alt=\"\" srcset=\"https:\/\/anidiwall.fr\/wp-content\/uploads\/2023\/02\/distance.png 888w, https:\/\/anidiwall.fr\/wp-content\/uploads\/2023\/02\/distance-300x223.png 300w, https:\/\/anidiwall.fr\/wp-content\/uploads\/2023\/02\/distance-768x570.png 768w\" sizes=\"(max-width: 888px) 100vw, 888px\" \/>\t\t\t\t\t\t\t\t\t\t\t\t\t\t\t<\/div>\n\t\t\t\t<\/div>\n\t\t\t\t\t<\/div>\n\t\t<\/div>\n\t\t\t\t<div class=\"elementor-column elementor-col-50 elementor-top-column elementor-element elementor-element-6c65752\" data-id=\"6c65752\" data-element_type=\"column\">\n\t\t\t<div class=\"elementor-widget-wrap elementor-element-populated\">\n\t\t\t\t\t\t<div class=\"elementor-element elementor-element-7cdebba elementor-widget elementor-widget-text-editor\" data-id=\"7cdebba\" data-element_type=\"widget\" data-widget_type=\"text-editor.default\">\n\t\t\t\t<div class=\"elementor-widget-container\">\n\t\t\t\t\t\t\t\t\t<p>J&rsquo;assure les transports du lundi au vendredi de 9h \u00e0 19h.<\/p><p>Je me d\u00e9place dans un rayon de 12 km maximum autour de vannes (soit 24km aller-retour.)<\/p><p>A partir de 13 \u20ac + FRAIS KM 1 \u20ac\/ km + remboursement si frais engag\u00e9s<\/p><p>Dimanches et jours f\u00e9ri\u00e9s : Majoration de 100% sur le tarif du trajet soit 2 \u20ac \/ km<\/p>\t\t\t\t\t\t\t\t<\/div>\n\t\t\t\t<\/div>\n\t\t\t\t\t<\/div>\n\t\t<\/div>\n\t\t\t\t\t<\/div>\n\t\t<\/section>\n\t\t\t\t<\/div>\n\t\t","protected":false},"excerpt":{"rendered":"<p>Transport animalier Attention ! Service en attente d&rsquo;agr\u00e9ment, bient\u00f4t disponible. Vous ne pouvez vous rendre chez le v\u00e9t\u00e9rinaire, le toiletteur,&#8230; ? Je viens chercher votre animal \u00e0 votre domicile et le prend enti\u00e8rement en charge : V\u00e9t\u00e9rinaire : transport aller-retour + visite. Toiletteur : transport aller-retour + temps d&rsquo;attente. J&rsquo;assure les transports du lundi au [&hellip;]<\/p>\n","protected":false},"author":1,"featured_media":0,"parent":0,"menu_order":0,"comment_status":"closed","ping_status":"closed","template":"","meta":{"ocean_post_layout":"","ocean_both_sidebars_style":"","ocean_both_sidebars_content_width":0,"ocean_both_sidebars_sidebars_width":0,"ocean_sidebar":"","ocean_second_sidebar":"","ocean_disable_margins":"enable","ocean_add_body_class":"","ocean_shortcode_before_top_bar":"","ocean_shortcode_after_top_bar":"","ocean_shortcode_before_header":"","ocean_shortcode_after_header":"","ocean_has_shortcode":"","ocean_shortcode_after_title":"","ocean_shortcode_before_footer_widgets":"","ocean_shortcode_after_footer_widgets":"","ocean_shortcode_before_footer_bottom":"","ocean_shortcode_after_footer_bottom":"","ocean_display_top_bar":"default","ocean_display_header":"default","ocean_header_style":"","ocean_center_header_left_menu":"","ocean_custom_header_template":"","ocean_custom_logo":0,"ocean_custom_retina_logo":0,"ocean_custom_logo_max_width":0,"ocean_custom_logo_tablet_max_width":0,"ocean_custom_logo_mobile_max_width":0,"ocean_custom_logo_max_height":0,"ocean_custom_logo_tablet_max_height":0,"ocean_custom_logo_mobile_max_height":0,"ocean_header_custom_menu":"","ocean_menu_typo_font_family":"","ocean_menu_typo_font_subset":"","ocean_menu_typo_font_size":0,"ocean_menu_typo_font_size_tablet":0,"ocean_menu_typo_font_size_mobile":0,"ocean_menu_typo_font_size_unit":"px","ocean_menu_typo_font_weight":"","ocean_menu_typo_font_weight_tablet":"","ocean_menu_typo_font_weight_mobile":"","ocean_menu_typo_transform":"","ocean_menu_typo_transform_tablet":"","ocean_menu_typo_transform_mobile":"","ocean_menu_typo_line_height":0,"ocean_menu_typo_line_height_tablet":0,"ocean_menu_typo_line_height_mobile":0,"ocean_menu_typo_line_height_unit":"","ocean_menu_typo_spacing":0,"ocean_menu_typo_spacing_tablet":0,"ocean_menu_typo_spacing_mobile":0,"ocean_menu_typo_spacing_unit":"","ocean_menu_link_color":"","ocean_menu_link_color_hover":"","ocean_menu_link_color_active":"","ocean_menu_link_background":"","ocean_menu_link_hover_background":"","ocean_menu_link_active_background":"","ocean_menu_social_links_bg":"","ocean_menu_social_hover_links_bg":"","ocean_menu_social_links_color":"","ocean_menu_social_hover_links_color":"","ocean_disable_title":"default","ocean_disable_heading":"default","ocean_post_title":"","ocean_post_subheading":"","ocean_post_title_style":"","ocean_post_title_background_color":"","ocean_post_title_background":0,"ocean_post_title_bg_image_position":"","ocean_post_title_bg_image_attachment":"","ocean_post_title_bg_image_repeat":"","ocean_post_title_bg_image_size":"","ocean_post_title_height":0,"ocean_post_title_bg_overlay":0.5,"ocean_post_title_bg_overlay_color":"","ocean_disable_breadcrumbs":"default","ocean_breadcrumbs_color":"","ocean_breadcrumbs_separator_color":"","ocean_breadcrumbs_links_color":"","ocean_breadcrumbs_links_hover_color":"","ocean_display_footer_widgets":"default","ocean_display_footer_bottom":"default","ocean_custom_footer_template":"","footnotes":""},"class_list":["post-536","page","type-page","status-publish","hentry","entry"],"yoast_head":"<!-- This site is optimized with the Yoast SEO plugin v24.7 - https:\/\/yoast.com\/wordpress\/plugins\/seo\/ -->\n<title>Transport animalier - Ani Diwall<\/title>\n<meta name=\"robots\" content=\"index, follow, max-snippet:-1, max-image-preview:large, max-video-preview:-1\" \/>\n<link rel=\"canonical\" href=\"https:\/\/anidiwall.fr\/index.php\/transport-animalier\/\" \/>\n<meta property=\"og:locale\" content=\"fr_FR\" \/>\n<meta property=\"og:type\" content=\"article\" \/>\n<meta property=\"og:title\" content=\"Transport animalier - Ani Diwall\" \/>\n<meta property=\"og:description\" content=\"Transport animalier Attention ! Service en attente d&rsquo;agr\u00e9ment, bient\u00f4t disponible. Vous ne pouvez vous rendre chez le v\u00e9t\u00e9rinaire, le toiletteur,&#8230; ? Je viens chercher votre animal \u00e0 votre domicile et le prend enti\u00e8rement en charge : V\u00e9t\u00e9rinaire : transport aller-retour + visite. Toiletteur : transport aller-retour + temps d&rsquo;attente. J&rsquo;assure les transports du lundi au [&hellip;]\" \/>\n<meta property=\"og:url\" content=\"https:\/\/anidiwall.fr\/index.php\/transport-animalier\/\" \/>\n<meta property=\"og:site_name\" content=\"Ani Diwall\" \/>\n<meta property=\"article:publisher\" content=\"https:\/\/www.facebook.com\/profile.php?id=100089085783455\" \/>\n<meta property=\"article:modified_time\" content=\"2023-02-22T11:34:10+00:00\" \/>\n<meta property=\"og:image\" content=\"https:\/\/anidiwall.fr\/wp-content\/uploads\/2023\/02\/chat3-1024x578.jpg\" \/>\n<meta name=\"twitter:card\" content=\"summary_large_image\" \/>\n<script type=\"application\/ld+json\" class=\"yoast-schema-graph\">{\"@context\":\"https:\/\/schema.org\",\"@graph\":[{\"@type\":\"WebPage\",\"@id\":\"https:\/\/anidiwall.fr\/index.php\/transport-animalier\/\",\"url\":\"https:\/\/anidiwall.fr\/index.php\/transport-animalier\/\",\"name\":\"Transport animalier - Ani Diwall\",\"isPartOf\":{\"@id\":\"https:\/\/anidiwall.fr\/#website\"},\"primaryImageOfPage\":{\"@id\":\"https:\/\/anidiwall.fr\/index.php\/transport-animalier\/#primaryimage\"},\"image\":{\"@id\":\"https:\/\/anidiwall.fr\/index.php\/transport-animalier\/#primaryimage\"},\"thumbnailUrl\":\"https:\/\/anidiwall.fr\/wp-content\/uploads\/2023\/02\/chat3-1024x578.jpg\",\"datePublished\":\"2023-02-19T10:26:41+00:00\",\"dateModified\":\"2023-02-22T11:34:10+00:00\",\"breadcrumb\":{\"@id\":\"https:\/\/anidiwall.fr\/index.php\/transport-animalier\/#breadcrumb\"},\"inLanguage\":\"fr-FR\",\"potentialAction\":[{\"@type\":\"ReadAction\",\"target\":[\"https:\/\/anidiwall.fr\/index.php\/transport-animalier\/\"]}]},{\"@type\":\"ImageObject\",\"inLanguage\":\"fr-FR\",\"@id\":\"https:\/\/anidiwall.fr\/index.php\/transport-animalier\/#primaryimage\",\"url\":\"https:\/\/anidiwall.fr\/wp-content\/uploads\/2023\/02\/chat3-1024x578.jpg\",\"contentUrl\":\"https:\/\/anidiwall.fr\/wp-content\/uploads\/2023\/02\/chat3-1024x578.jpg\"},{\"@type\":\"BreadcrumbList\",\"@id\":\"https:\/\/anidiwall.fr\/index.php\/transport-animalier\/#breadcrumb\",\"itemListElement\":[{\"@type\":\"ListItem\",\"position\":1,\"name\":\"Accueil\",\"item\":\"https:\/\/anidiwall.fr\/\"},{\"@type\":\"ListItem\",\"position\":2,\"name\":\"Transport animalier\"}]},{\"@type\":\"WebSite\",\"@id\":\"https:\/\/anidiwall.fr\/#website\",\"url\":\"https:\/\/anidiwall.fr\/\",\"name\":\"Ani Diwall\",\"description\":\"Garde chien et chat\",\"publisher\":{\"@id\":\"https:\/\/anidiwall.fr\/#organization\"},\"potentialAction\":[{\"@type\":\"SearchAction\",\"target\":{\"@type\":\"EntryPoint\",\"urlTemplate\":\"https:\/\/anidiwall.fr\/?s={search_term_string}\"},\"query-input\":{\"@type\":\"PropertyValueSpecification\",\"valueRequired\":true,\"valueName\":\"search_term_string\"}}],\"inLanguage\":\"fr-FR\"},{\"@type\":\"Organization\",\"@id\":\"https:\/\/anidiwall.fr\/#organization\",\"name\":\"Anidiwall\",\"url\":\"https:\/\/anidiwall.fr\/\",\"logo\":{\"@type\":\"ImageObject\",\"inLanguage\":\"fr-FR\",\"@id\":\"https:\/\/anidiwall.fr\/#\/schema\/logo\/image\/\",\"url\":\"https:\/\/anidiwall.fr\/wp-content\/uploads\/2023\/02\/LOGO_ANIDIWALL_SANS_FOND_MOD.png\",\"contentUrl\":\"https:\/\/anidiwall.fr\/wp-content\/uploads\/2023\/02\/LOGO_ANIDIWALL_SANS_FOND_MOD.png\",\"width\":1400,\"height\":577,\"caption\":\"Anidiwall\"},\"image\":{\"@id\":\"https:\/\/anidiwall.fr\/#\/schema\/logo\/image\/\"},\"sameAs\":[\"https:\/\/www.facebook.com\/profile.php?id=100089085783455\",\"https:\/\/www.instagram.com\/soo_ads\/\"]}]}<\/script>\n<!-- \/ Yoast SEO plugin. -->","yoast_head_json":{"title":"Transport animalier - Ani Diwall","robots":{"index":"index","follow":"follow","max-snippet":"max-snippet:-1","max-image-preview":"max-image-preview:large","max-video-preview":"max-video-preview:-1"},"canonical":"https:\/\/anidiwall.fr\/index.php\/transport-animalier\/","og_locale":"fr_FR","og_type":"article","og_title":"Transport animalier - Ani Diwall","og_description":"Transport animalier Attention ! Service en attente d&rsquo;agr\u00e9ment, bient\u00f4t disponible. Vous ne pouvez vous rendre chez le v\u00e9t\u00e9rinaire, le toiletteur,&#8230; ? Je viens chercher votre animal \u00e0 votre domicile et le prend enti\u00e8rement en charge : V\u00e9t\u00e9rinaire : transport aller-retour + visite. Toiletteur : transport aller-retour + temps d&rsquo;attente. J&rsquo;assure les transports du lundi au [&hellip;]","og_url":"https:\/\/anidiwall.fr\/index.php\/transport-animalier\/","og_site_name":"Ani Diwall","article_publisher":"https:\/\/www.facebook.com\/profile.php?id=100089085783455","article_modified_time":"2023-02-22T11:34:10+00:00","og_image":[{"url":"https:\/\/anidiwall.fr\/wp-content\/uploads\/2023\/02\/chat3-1024x578.jpg","type":"","width":"","height":""}],"twitter_card":"summary_large_image","schema":{"@context":"https:\/\/schema.org","@graph":[{"@type":"WebPage","@id":"https:\/\/anidiwall.fr\/index.php\/transport-animalier\/","url":"https:\/\/anidiwall.fr\/index.php\/transport-animalier\/","name":"Transport animalier - Ani Diwall","isPartOf":{"@id":"https:\/\/anidiwall.fr\/#website"},"primaryImageOfPage":{"@id":"https:\/\/anidiwall.fr\/index.php\/transport-animalier\/#primaryimage"},"image":{"@id":"https:\/\/anidiwall.fr\/index.php\/transport-animalier\/#primaryimage"},"thumbnailUrl":"https:\/\/anidiwall.fr\/wp-content\/uploads\/2023\/02\/chat3-1024x578.jpg","datePublished":"2023-02-19T10:26:41+00:00","dateModified":"2023-02-22T11:34:10+00:00","breadcrumb":{"@id":"https:\/\/anidiwall.fr\/index.php\/transport-animalier\/#breadcrumb"},"inLanguage":"fr-FR","potentialAction":[{"@type":"ReadAction","target":["https:\/\/anidiwall.fr\/index.php\/transport-animalier\/"]}]},{"@type":"ImageObject","inLanguage":"fr-FR","@id":"https:\/\/anidiwall.fr\/index.php\/transport-animalier\/#primaryimage","url":"https:\/\/anidiwall.fr\/wp-content\/uploads\/2023\/02\/chat3-1024x578.jpg","contentUrl":"https:\/\/anidiwall.fr\/wp-content\/uploads\/2023\/02\/chat3-1024x578.jpg"},{"@type":"BreadcrumbList","@id":"https:\/\/anidiwall.fr\/index.php\/transport-animalier\/#breadcrumb","itemListElement":[{"@type":"ListItem","position":1,"name":"Accueil","item":"https:\/\/anidiwall.fr\/"},{"@type":"ListItem","position":2,"name":"Transport animalier"}]},{"@type":"WebSite","@id":"https:\/\/anidiwall.fr\/#website","url":"https:\/\/anidiwall.fr\/","name":"Ani Diwall","description":"Garde chien et chat","publisher":{"@id":"https:\/\/anidiwall.fr\/#organization"},"potentialAction":[{"@type":"SearchAction","target":{"@type":"EntryPoint","urlTemplate":"https:\/\/anidiwall.fr\/?s={search_term_string}"},"query-input":{"@type":"PropertyValueSpecification","valueRequired":true,"valueName":"search_term_string"}}],"inLanguage":"fr-FR"},{"@type":"Organization","@id":"https:\/\/anidiwall.fr\/#organization","name":"Anidiwall","url":"https:\/\/anidiwall.fr\/","logo":{"@type":"ImageObject","inLanguage":"fr-FR","@id":"https:\/\/anidiwall.fr\/#\/schema\/logo\/image\/","url":"https:\/\/anidiwall.fr\/wp-content\/uploads\/2023\/02\/LOGO_ANIDIWALL_SANS_FOND_MOD.png","contentUrl":"https:\/\/anidiwall.fr\/wp-content\/uploads\/2023\/02\/LOGO_ANIDIWALL_SANS_FOND_MOD.png","width":1400,"height":577,"caption":"Anidiwall"},"image":{"@id":"https:\/\/anidiwall.fr\/#\/schema\/logo\/image\/"},"sameAs":["https:\/\/www.facebook.com\/profile.php?id=100089085783455","https:\/\/www.instagram.com\/soo_ads\/"]}]}},"_links":{"self":[{"href":"https:\/\/anidiwall.fr\/index.php\/wp-json\/wp\/v2\/pages\/536","targetHints":{"allow":["GET"]}}],"collection":[{"href":"https:\/\/anidiwall.fr\/index.php\/wp-json\/wp\/v2\/pages"}],"about":[{"href":"https:\/\/anidiwall.fr\/index.php\/wp-json\/wp\/v2\/types\/page"}],"author":[{"embeddable":true,"href":"https:\/\/anidiwall.fr\/index.php\/wp-json\/wp\/v2\/users\/1"}],"replies":[{"embeddable":true,"href":"https:\/\/anidiwall.fr\/index.php\/wp-json\/wp\/v2\/comments?post=536"}],"version-history":[{"count":19,"href":"https:\/\/anidiwall.fr\/index.php\/wp-json\/wp\/v2\/pages\/536\/revisions"}],"predecessor-version":[{"id":1177,"href":"https:\/\/anidiwall.fr\/index.php\/wp-json\/wp\/v2\/pages\/536\/revisions\/1177"}],"wp:attachment":[{"href":"https:\/\/anidiwall.fr\/index.php\/wp-json\/wp\/v2\/media?parent=536"}],"curies":[{"name":"wp","href":"https:\/\/api.w.org\/{rel}","templated":true}]}}