{"id":531,"date":"2023-02-19T11:25:36","date_gmt":"2023-02-19T10:25:36","guid":{"rendered":"https:\/\/anidiwall.fr\/?page_id=531"},"modified":"2025-01-04T14:31:34","modified_gmt":"2025-01-04T13:31:34","slug":"promenades","status":"publish","type":"page","link":"https:\/\/anidiwall.fr\/index.php\/promenades\/","title":{"rendered":"Promenades"},"content":{"rendered":"\t\t<div data-elementor-type=\"wp-page\" data-elementor-id=\"531\" class=\"elementor elementor-531\">\n\t\t\t\t\t\t<section class=\"elementor-section elementor-top-section elementor-element elementor-element-31b3279 elementor-section-boxed elementor-section-height-default elementor-section-height-default\" data-id=\"31b3279\" data-element_type=\"section\">\n\t\t\t\t\t\t<div class=\"elementor-container elementor-column-gap-default\">\n\t\t\t\t\t<div class=\"elementor-column elementor-col-50 elementor-top-column elementor-element elementor-element-c6bdba6\" data-id=\"c6bdba6\" data-element_type=\"column\">\n\t\t\t<div class=\"elementor-widget-wrap elementor-element-populated\">\n\t\t\t\t\t\t<div class=\"elementor-element elementor-element-70dfa89 elementor-widget elementor-widget-text-editor\" data-id=\"70dfa89\" data-element_type=\"widget\" data-widget_type=\"text-editor.default\">\n\t\t\t\t<div class=\"elementor-widget-container\">\n\t\t\t\t\t\t\t\t\t<h1>Promenades Canines<\/h1><p>Je viens chercher votre animal \u00e0 votre domicile, pour l\u2019emmener faire une promenade en ext\u00e9rieur.<\/p><p>Tarifs selon votre lieu de r\u00e9sidence.<\/p><p>Je propose diff\u00e9rentes\u00a0balades en fonction des attentes. L\u2019animal est promen\u00e9 dans un lieu appropri\u00e9, dans le calme,\u00a0sans jeux d\u2019excitations\u00a0pour favoriser\u00a0l\u2019exploration et la d\u00e9pense.<\/p>\t\t\t\t\t\t\t\t<\/div>\n\t\t\t\t<\/div>\n\t\t\t\t\t<\/div>\n\t\t<\/div>\n\t\t\t\t<div class=\"elementor-column elementor-col-50 elementor-top-column elementor-element elementor-element-c41704b\" data-id=\"c41704b\" data-element_type=\"column\">\n\t\t\t<div class=\"elementor-widget-wrap elementor-element-populated\">\n\t\t\t\t\t\t<div class=\"elementor-element elementor-element-b6afc34 elementor-widget elementor-widget-image\" data-id=\"b6afc34\" data-element_type=\"widget\" data-widget_type=\"image.default\">\n\t\t\t\t<div class=\"elementor-widget-container\">\n\t\t\t\t\t\t\t\t\t\t\t\t\t\t\t<img fetchpriority=\"high\" decoding=\"async\" width=\"1024\" height=\"578\" src=\"https:\/\/anidiwall.fr\/wp-content\/uploads\/2023\/02\/20221120_121132-1024x578.jpg\" class=\"attachment-large size-large wp-image-486\" alt=\"\" srcset=\"https:\/\/anidiwall.fr\/wp-content\/uploads\/2023\/02\/20221120_121132-1024x578.jpg 1024w, https:\/\/anidiwall.fr\/wp-content\/uploads\/2023\/02\/20221120_121132-300x169.jpg 300w, https:\/\/anidiwall.fr\/wp-content\/uploads\/2023\/02\/20221120_121132-768x433.jpg 768w, https:\/\/anidiwall.fr\/wp-content\/uploads\/2023\/02\/20221120_121132-1536x866.jpg 1536w, https:\/\/anidiwall.fr\/wp-content\/uploads\/2023\/02\/20221120_121132-2048x1155.jpg 2048w\" sizes=\"(max-width: 1024px) 100vw, 1024px\" \/>\t\t\t\t\t\t\t\t\t\t\t\t\t\t\t<\/div>\n\t\t\t\t<\/div>\n\t\t\t\t\t<\/div>\n\t\t<\/div>\n\t\t\t\t\t<\/div>\n\t\t<\/section>\n\t\t\t\t<section class=\"elementor-section elementor-top-section elementor-element elementor-element-ac83f8f elementor-section-boxed elementor-section-height-default elementor-section-height-default\" data-id=\"ac83f8f\" data-element_type=\"section\">\n\t\t\t\t\t\t<div class=\"elementor-container elementor-column-gap-default\">\n\t\t\t\t\t<div class=\"elementor-column elementor-col-100 elementor-top-column elementor-element elementor-element-a56a78d\" data-id=\"a56a78d\" data-element_type=\"column\">\n\t\t\t<div class=\"elementor-widget-wrap elementor-element-populated\">\n\t\t\t\t\t\t<div class=\"elementor-element elementor-element-35c0c1a elementor-widget elementor-widget-spacer\" data-id=\"35c0c1a\" data-element_type=\"widget\" data-widget_type=\"spacer.default\">\n\t\t\t\t<div class=\"elementor-widget-container\">\n\t\t\t\t\t\t\t<div class=\"elementor-spacer\">\n\t\t\t<div class=\"elementor-spacer-inner\"><\/div>\n\t\t<\/div>\n\t\t\t\t\t\t<\/div>\n\t\t\t\t<\/div>\n\t\t\t\t\t<\/div>\n\t\t<\/div>\n\t\t\t\t\t<\/div>\n\t\t<\/section>\n\t\t\t\t<section class=\"elementor-section elementor-top-section elementor-element elementor-element-65bfa09 elementor-section-boxed elementor-section-height-default elementor-section-height-default\" data-id=\"65bfa09\" data-element_type=\"section\">\n\t\t\t\t\t\t<div class=\"elementor-container elementor-column-gap-default\">\n\t\t\t\t\t<div class=\"elementor-column elementor-col-50 elementor-top-column elementor-element elementor-element-a0701c7\" data-id=\"a0701c7\" data-element_type=\"column\">\n\t\t\t<div class=\"elementor-widget-wrap elementor-element-populated\">\n\t\t\t\t\t\t<div class=\"elementor-element elementor-element-7d62515 elementor-widget elementor-widget-image\" data-id=\"7d62515\" data-element_type=\"widget\" data-widget_type=\"image.default\">\n\t\t\t\t<div class=\"elementor-widget-container\">\n\t\t\t\t\t\t\t\t\t\t\t\t\t\t\t<img decoding=\"async\" width=\"1024\" height=\"578\" src=\"https:\/\/anidiwall.fr\/wp-content\/uploads\/2023\/02\/20221117_121205-1024x578.jpg\" class=\"attachment-large size-large wp-image-485\" alt=\"\" srcset=\"https:\/\/anidiwall.fr\/wp-content\/uploads\/2023\/02\/20221117_121205-1024x578.jpg 1024w, https:\/\/anidiwall.fr\/wp-content\/uploads\/2023\/02\/20221117_121205-300x169.jpg 300w, https:\/\/anidiwall.fr\/wp-content\/uploads\/2023\/02\/20221117_121205-768x433.jpg 768w, https:\/\/anidiwall.fr\/wp-content\/uploads\/2023\/02\/20221117_121205-1536x866.jpg 1536w, https:\/\/anidiwall.fr\/wp-content\/uploads\/2023\/02\/20221117_121205-2048x1155.jpg 2048w\" sizes=\"(max-width: 1024px) 100vw, 1024px\" \/>\t\t\t\t\t\t\t\t\t\t\t\t\t\t\t<\/div>\n\t\t\t\t<\/div>\n\t\t\t\t\t<\/div>\n\t\t<\/div>\n\t\t\t\t<div class=\"elementor-column elementor-col-50 elementor-top-column elementor-element elementor-element-8ed4732\" data-id=\"8ed4732\" data-element_type=\"column\">\n\t\t\t<div class=\"elementor-widget-wrap elementor-element-populated\">\n\t\t\t\t\t\t<div class=\"elementor-element elementor-element-8354545 elementor-widget elementor-widget-text-editor\" data-id=\"8354545\" data-element_type=\"widget\" data-widget_type=\"text-editor.default\">\n\t\t\t\t<div class=\"elementor-widget-container\">\n\t\t\t\t\t\t\t\t\t<p>La promenade joue un r\u00f4le fondamental dans l&rsquo;\u00e9quilibre et le d\u00e9veloppement de votre chien.\u00a0Elle lui permet de combler nombre de ses besoins :<\/p><ul><li><p>L\u2019exercice physique<\/p><\/li><li><p>Le flairage, qui constitue une d\u00e9pense \u00e9nerg\u00e9tique tr\u00e8s importante et souvent minor\u00e9e<\/p><\/li><li><p>La communication : rencontre de cong\u00e9n\u00e8res, flairage, \u00e9changes \u00e0 travers le marquage, le jeu<\/p><\/li><li><p>L\u2019exploration d&rsquo;environnements diff\u00e9rents<\/p><\/li><\/ul>\t\t\t\t\t\t\t\t<\/div>\n\t\t\t\t<\/div>\n\t\t\t\t\t<\/div>\n\t\t<\/div>\n\t\t\t\t\t<\/div>\n\t\t<\/section>\n\t\t\t\t<section class=\"elementor-section elementor-top-section elementor-element elementor-element-b94fbcd elementor-section-boxed elementor-section-height-default elementor-section-height-default\" data-id=\"b94fbcd\" data-element_type=\"section\" data-settings=\"{&quot;background_background&quot;:&quot;classic&quot;}\">\n\t\t\t\t\t\t<div class=\"elementor-container elementor-column-gap-default\">\n\t\t\t\t\t<div class=\"elementor-column elementor-col-33 elementor-top-column elementor-element elementor-element-5267381\" data-id=\"5267381\" data-element_type=\"column\" data-settings=\"{&quot;background_background&quot;:&quot;classic&quot;}\">\n\t\t\t<div class=\"elementor-widget-wrap elementor-element-populated\">\n\t\t\t\t\t\t<div class=\"elementor-element elementor-element-f8814e0 elementor-widget elementor-widget-text-editor\" data-id=\"f8814e0\" data-element_type=\"widget\" data-widget_type=\"text-editor.default\">\n\t\t\t\t<div class=\"elementor-widget-container\">\n\t\t\t\t\t\t\t\t\t<h1 style=\"text-align: center;\">\u00a0Promenade \u00e9quilibre<\/h1><p style=\"text-align: center;\">1H00<\/p><p style=\"text-align: center;\">1h est le temps minimum \u00e0 partir duquel la plupart des chiens commencent \u00e0 se sentir d\u00e9tendu. Elle peut se faire autour de chez vous, dans un lieu de votre ou de mon choix.<\/p><h4 style=\"text-align: center;\"><a href=\"https:\/\/anidiwall.fr\/index.php\/tarifs\/\">A partir de 24\u20ac<\/a><\/h4>\t\t\t\t\t\t\t\t<\/div>\n\t\t\t\t<\/div>\n\t\t\t\t\t<\/div>\n\t\t<\/div>\n\t\t\t\t<div class=\"elementor-column elementor-col-33 elementor-top-column elementor-element elementor-element-dd7dc14\" data-id=\"dd7dc14\" data-element_type=\"column\" data-settings=\"{&quot;background_background&quot;:&quot;classic&quot;}\">\n\t\t\t<div class=\"elementor-widget-wrap elementor-element-populated\">\n\t\t\t\t\t\t<div class=\"elementor-element elementor-element-ff3ec11 elementor-widget elementor-widget-text-editor\" data-id=\"ff3ec11\" data-element_type=\"widget\" data-widget_type=\"text-editor.default\">\n\t\t\t\t<div class=\"elementor-widget-container\">\n\t\t\t\t\t\t\t\t\t<h1 style=\"text-align: center;\">Promenade exploration<\/h1><p style=\"text-align: center;\">1H30<\/p><p style=\"text-align: center;\">Une balade qui est r\u00e9alis\u00e9e en campagne, en for\u00eat\u2026 Elle comble diff\u00e9rents besoins du chien : physique, exploratoire, mentale et sociaux si nous rencontrons des cong\u00e9n\u00e8res.<\/p><h4 style=\"text-align: center;\"><a href=\"https:\/\/anidiwall.fr\/index.php\/tarifs\/\">A partir de 34 \u20ac<\/a><\/h4>\t\t\t\t\t\t\t\t<\/div>\n\t\t\t\t<\/div>\n\t\t\t\t\t<\/div>\n\t\t<\/div>\n\t\t\t\t<div class=\"elementor-column elementor-col-33 elementor-top-column elementor-element elementor-element-52d972a\" data-id=\"52d972a\" data-element_type=\"column\" data-settings=\"{&quot;background_background&quot;:&quot;classic&quot;}\">\n\t\t\t<div class=\"elementor-widget-wrap elementor-element-populated\">\n\t\t\t\t\t\t<div class=\"elementor-element elementor-element-c8deee0 elementor-widget elementor-widget-text-editor\" data-id=\"c8deee0\" data-element_type=\"widget\" data-widget_type=\"text-editor.default\">\n\t\t\t\t<div class=\"elementor-widget-container\">\n\t\t\t\t\t\t\t\t\t<h1 style=\"text-align: center;\">Promenade Sportive<\/h1><p style=\"text-align: center;\">2H00<\/p><p style=\"text-align: center;\">Pour les chiens avec un gros besoin de d\u00e9penses. Comme la promenade exploration mais dure plus longtemps! Certaines activit\u00e9s peuvent \u00eatre renforc\u00e9es (marche, nage, course,\u00a0 jeu&#8230;)<\/p><h4 style=\"text-align: center;\"><a href=\"https:\/\/anidiwall.fr\/index.php\/tarifs\/\">A partir de 44 \u20ac<\/a><\/h4>\t\t\t\t\t\t\t\t<\/div>\n\t\t\t\t<\/div>\n\t\t\t\t\t<\/div>\n\t\t<\/div>\n\t\t\t\t\t<\/div>\n\t\t<\/section>\n\t\t\t\t<\/div>\n\t\t","protected":false},"excerpt":{"rendered":"<p>Promenades Canines Je viens chercher votre animal \u00e0 votre domicile, pour l\u2019emmener faire une promenade en ext\u00e9rieur. Tarifs selon votre lieu de r\u00e9sidence. Je propose diff\u00e9rentes\u00a0balades en fonction des attentes. L\u2019animal est promen\u00e9 dans un lieu appropri\u00e9, dans le calme,\u00a0sans jeux d\u2019excitations\u00a0pour favoriser\u00a0l\u2019exploration et la d\u00e9pense. La promenade joue un r\u00f4le fondamental dans l&rsquo;\u00e9quilibre et [&hellip;]<\/p>\n","protected":false},"author":1,"featured_media":0,"parent":0,"menu_order":0,"comment_status":"closed","ping_status":"closed","template":"","meta":{"ocean_post_layout":"","ocean_both_sidebars_style":"","ocean_both_sidebars_content_width":0,"ocean_both_sidebars_sidebars_width":0,"ocean_sidebar":"","ocean_second_sidebar":"","ocean_disable_margins":"enable","ocean_add_body_class":"","ocean_shortcode_before_top_bar":"","ocean_shortcode_after_top_bar":"","ocean_shortcode_before_header":"","ocean_shortcode_after_header":"","ocean_has_shortcode":"","ocean_shortcode_after_title":"","ocean_shortcode_before_footer_widgets":"","ocean_shortcode_after_footer_widgets":"","ocean_shortcode_before_footer_bottom":"","ocean_shortcode_after_footer_bottom":"","ocean_display_top_bar":"default","ocean_display_header":"default","ocean_header_style":"","ocean_center_header_left_menu":"","ocean_custom_header_template":"","ocean_custom_logo":0,"ocean_custom_retina_logo":0,"ocean_custom_logo_max_width":0,"ocean_custom_logo_tablet_max_width":0,"ocean_custom_logo_mobile_max_width":0,"ocean_custom_logo_max_height":0,"ocean_custom_logo_tablet_max_height":0,"ocean_custom_logo_mobile_max_height":0,"ocean_header_custom_menu":"","ocean_menu_typo_font_family":"","ocean_menu_typo_font_subset":"","ocean_menu_typo_font_size":0,"ocean_menu_typo_font_size_tablet":0,"ocean_menu_typo_font_size_mobile":0,"ocean_menu_typo_font_size_unit":"px","ocean_menu_typo_font_weight":"","ocean_menu_typo_font_weight_tablet":"","ocean_menu_typo_font_weight_mobile":"","ocean_menu_typo_transform":"","ocean_menu_typo_transform_tablet":"","ocean_menu_typo_transform_mobile":"","ocean_menu_typo_line_height":0,"ocean_menu_typo_line_height_tablet":0,"ocean_menu_typo_line_height_mobile":0,"ocean_menu_typo_line_height_unit":"","ocean_menu_typo_spacing":0,"ocean_menu_typo_spacing_tablet":0,"ocean_menu_typo_spacing_mobile":0,"ocean_menu_typo_spacing_unit":"","ocean_menu_link_color":"","ocean_menu_link_color_hover":"","ocean_menu_link_color_active":"","ocean_menu_link_background":"","ocean_menu_link_hover_background":"","ocean_menu_link_active_background":"","ocean_menu_social_links_bg":"","ocean_menu_social_hover_links_bg":"","ocean_menu_social_links_color":"","ocean_menu_social_hover_links_color":"","ocean_disable_title":"default","ocean_disable_heading":"default","ocean_post_title":"","ocean_post_subheading":"","ocean_post_title_style":"","ocean_post_title_background_color":"","ocean_post_title_background":0,"ocean_post_title_bg_image_position":"","ocean_post_title_bg_image_attachment":"","ocean_post_title_bg_image_repeat":"","ocean_post_title_bg_image_size":"","ocean_post_title_height":0,"ocean_post_title_bg_overlay":0.5,"ocean_post_title_bg_overlay_color":"","ocean_disable_breadcrumbs":"default","ocean_breadcrumbs_color":"","ocean_breadcrumbs_separator_color":"","ocean_breadcrumbs_links_color":"","ocean_breadcrumbs_links_hover_color":"","ocean_display_footer_widgets":"default","ocean_display_footer_bottom":"default","ocean_custom_footer_template":"","footnotes":""},"class_list":["post-531","page","type-page","status-publish","hentry","entry"],"yoast_head":"<!-- This site is optimized with the Yoast SEO plugin v24.7 - https:\/\/yoast.com\/wordpress\/plugins\/seo\/ -->\n<title>Promenades - Ani Diwall<\/title>\n<meta name=\"robots\" content=\"index, follow, max-snippet:-1, max-image-preview:large, max-video-preview:-1\" \/>\n<link rel=\"canonical\" href=\"https:\/\/anidiwall.fr\/index.php\/promenades\/\" \/>\n<meta property=\"og:locale\" content=\"fr_FR\" \/>\n<meta property=\"og:type\" content=\"article\" \/>\n<meta property=\"og:title\" content=\"Promenades - Ani Diwall\" \/>\n<meta property=\"og:description\" content=\"Promenades Canines Je viens chercher votre animal \u00e0 votre domicile, pour l\u2019emmener faire une promenade en ext\u00e9rieur. Tarifs selon votre lieu de r\u00e9sidence. Je propose diff\u00e9rentes\u00a0balades en fonction des attentes. L\u2019animal est promen\u00e9 dans un lieu appropri\u00e9, dans le calme,\u00a0sans jeux d\u2019excitations\u00a0pour favoriser\u00a0l\u2019exploration et la d\u00e9pense. La promenade joue un r\u00f4le fondamental dans l&rsquo;\u00e9quilibre et [&hellip;]\" \/>\n<meta property=\"og:url\" content=\"https:\/\/anidiwall.fr\/index.php\/promenades\/\" \/>\n<meta property=\"og:site_name\" content=\"Ani Diwall\" \/>\n<meta property=\"article:publisher\" content=\"https:\/\/www.facebook.com\/profile.php?id=100089085783455\" \/>\n<meta property=\"article:modified_time\" content=\"2025-01-04T13:31:34+00:00\" \/>\n<meta property=\"og:image\" content=\"https:\/\/anidiwall.fr\/wp-content\/uploads\/2023\/02\/20221120_121132-1024x578.jpg\" \/>\n<meta name=\"twitter:card\" content=\"summary_large_image\" \/>\n<meta name=\"twitter:label1\" content=\"Dur\u00e9e de lecture estim\u00e9e\" \/>\n\t<meta name=\"twitter:data1\" content=\"2 minutes\" \/>\n<script type=\"application\/ld+json\" class=\"yoast-schema-graph\">{\"@context\":\"https:\/\/schema.org\",\"@graph\":[{\"@type\":\"WebPage\",\"@id\":\"https:\/\/anidiwall.fr\/index.php\/promenades\/\",\"url\":\"https:\/\/anidiwall.fr\/index.php\/promenades\/\",\"name\":\"Promenades - Ani Diwall\",\"isPartOf\":{\"@id\":\"https:\/\/anidiwall.fr\/#website\"},\"primaryImageOfPage\":{\"@id\":\"https:\/\/anidiwall.fr\/index.php\/promenades\/#primaryimage\"},\"image\":{\"@id\":\"https:\/\/anidiwall.fr\/index.php\/promenades\/#primaryimage\"},\"thumbnailUrl\":\"https:\/\/anidiwall.fr\/wp-content\/uploads\/2023\/02\/20221120_121132-1024x578.jpg\",\"datePublished\":\"2023-02-19T10:25:36+00:00\",\"dateModified\":\"2025-01-04T13:31:34+00:00\",\"breadcrumb\":{\"@id\":\"https:\/\/anidiwall.fr\/index.php\/promenades\/#breadcrumb\"},\"inLanguage\":\"fr-FR\",\"potentialAction\":[{\"@type\":\"ReadAction\",\"target\":[\"https:\/\/anidiwall.fr\/index.php\/promenades\/\"]}]},{\"@type\":\"ImageObject\",\"inLanguage\":\"fr-FR\",\"@id\":\"https:\/\/anidiwall.fr\/index.php\/promenades\/#primaryimage\",\"url\":\"https:\/\/anidiwall.fr\/wp-content\/uploads\/2023\/02\/20221120_121132-1024x578.jpg\",\"contentUrl\":\"https:\/\/anidiwall.fr\/wp-content\/uploads\/2023\/02\/20221120_121132-1024x578.jpg\"},{\"@type\":\"BreadcrumbList\",\"@id\":\"https:\/\/anidiwall.fr\/index.php\/promenades\/#breadcrumb\",\"itemListElement\":[{\"@type\":\"ListItem\",\"position\":1,\"name\":\"Accueil\",\"item\":\"https:\/\/anidiwall.fr\/\"},{\"@type\":\"ListItem\",\"position\":2,\"name\":\"Promenades\"}]},{\"@type\":\"WebSite\",\"@id\":\"https:\/\/anidiwall.fr\/#website\",\"url\":\"https:\/\/anidiwall.fr\/\",\"name\":\"Ani Diwall\",\"description\":\"Garde chien et chat\",\"publisher\":{\"@id\":\"https:\/\/anidiwall.fr\/#organization\"},\"potentialAction\":[{\"@type\":\"SearchAction\",\"target\":{\"@type\":\"EntryPoint\",\"urlTemplate\":\"https:\/\/anidiwall.fr\/?s={search_term_string}\"},\"query-input\":{\"@type\":\"PropertyValueSpecification\",\"valueRequired\":true,\"valueName\":\"search_term_string\"}}],\"inLanguage\":\"fr-FR\"},{\"@type\":\"Organization\",\"@id\":\"https:\/\/anidiwall.fr\/#organization\",\"name\":\"Anidiwall\",\"url\":\"https:\/\/anidiwall.fr\/\",\"logo\":{\"@type\":\"ImageObject\",\"inLanguage\":\"fr-FR\",\"@id\":\"https:\/\/anidiwall.fr\/#\/schema\/logo\/image\/\",\"url\":\"https:\/\/anidiwall.fr\/wp-content\/uploads\/2023\/02\/LOGO_ANIDIWALL_SANS_FOND_MOD.png\",\"contentUrl\":\"https:\/\/anidiwall.fr\/wp-content\/uploads\/2023\/02\/LOGO_ANIDIWALL_SANS_FOND_MOD.png\",\"width\":1400,\"height\":577,\"caption\":\"Anidiwall\"},\"image\":{\"@id\":\"https:\/\/anidiwall.fr\/#\/schema\/logo\/image\/\"},\"sameAs\":[\"https:\/\/www.facebook.com\/profile.php?id=100089085783455\",\"https:\/\/www.instagram.com\/soo_ads\/\"]}]}<\/script>\n<!-- \/ Yoast SEO plugin. -->","yoast_head_json":{"title":"Promenades - Ani Diwall","robots":{"index":"index","follow":"follow","max-snippet":"max-snippet:-1","max-image-preview":"max-image-preview:large","max-video-preview":"max-video-preview:-1"},"canonical":"https:\/\/anidiwall.fr\/index.php\/promenades\/","og_locale":"fr_FR","og_type":"article","og_title":"Promenades - Ani Diwall","og_description":"Promenades Canines Je viens chercher votre animal \u00e0 votre domicile, pour l\u2019emmener faire une promenade en ext\u00e9rieur. Tarifs selon votre lieu de r\u00e9sidence. Je propose diff\u00e9rentes\u00a0balades en fonction des attentes. L\u2019animal est promen\u00e9 dans un lieu appropri\u00e9, dans le calme,\u00a0sans jeux d\u2019excitations\u00a0pour favoriser\u00a0l\u2019exploration et la d\u00e9pense. La promenade joue un r\u00f4le fondamental dans l&rsquo;\u00e9quilibre et [&hellip;]","og_url":"https:\/\/anidiwall.fr\/index.php\/promenades\/","og_site_name":"Ani Diwall","article_publisher":"https:\/\/www.facebook.com\/profile.php?id=100089085783455","article_modified_time":"2025-01-04T13:31:34+00:00","og_image":[{"url":"https:\/\/anidiwall.fr\/wp-content\/uploads\/2023\/02\/20221120_121132-1024x578.jpg","type":"","width":"","height":""}],"twitter_card":"summary_large_image","twitter_misc":{"Dur\u00e9e de lecture estim\u00e9e":"2 minutes"},"schema":{"@context":"https:\/\/schema.org","@graph":[{"@type":"WebPage","@id":"https:\/\/anidiwall.fr\/index.php\/promenades\/","url":"https:\/\/anidiwall.fr\/index.php\/promenades\/","name":"Promenades - Ani Diwall","isPartOf":{"@id":"https:\/\/anidiwall.fr\/#website"},"primaryImageOfPage":{"@id":"https:\/\/anidiwall.fr\/index.php\/promenades\/#primaryimage"},"image":{"@id":"https:\/\/anidiwall.fr\/index.php\/promenades\/#primaryimage"},"thumbnailUrl":"https:\/\/anidiwall.fr\/wp-content\/uploads\/2023\/02\/20221120_121132-1024x578.jpg","datePublished":"2023-02-19T10:25:36+00:00","dateModified":"2025-01-04T13:31:34+00:00","breadcrumb":{"@id":"https:\/\/anidiwall.fr\/index.php\/promenades\/#breadcrumb"},"inLanguage":"fr-FR","potentialAction":[{"@type":"ReadAction","target":["https:\/\/anidiwall.fr\/index.php\/promenades\/"]}]},{"@type":"ImageObject","inLanguage":"fr-FR","@id":"https:\/\/anidiwall.fr\/index.php\/promenades\/#primaryimage","url":"https:\/\/anidiwall.fr\/wp-content\/uploads\/2023\/02\/20221120_121132-1024x578.jpg","contentUrl":"https:\/\/anidiwall.fr\/wp-content\/uploads\/2023\/02\/20221120_121132-1024x578.jpg"},{"@type":"BreadcrumbList","@id":"https:\/\/anidiwall.fr\/index.php\/promenades\/#breadcrumb","itemListElement":[{"@type":"ListItem","position":1,"name":"Accueil","item":"https:\/\/anidiwall.fr\/"},{"@type":"ListItem","position":2,"name":"Promenades"}]},{"@type":"WebSite","@id":"https:\/\/anidiwall.fr\/#website","url":"https:\/\/anidiwall.fr\/","name":"Ani Diwall","description":"Garde chien et chat","publisher":{"@id":"https:\/\/anidiwall.fr\/#organization"},"potentialAction":[{"@type":"SearchAction","target":{"@type":"EntryPoint","urlTemplate":"https:\/\/anidiwall.fr\/?s={search_term_string}"},"query-input":{"@type":"PropertyValueSpecification","valueRequired":true,"valueName":"search_term_string"}}],"inLanguage":"fr-FR"},{"@type":"Organization","@id":"https:\/\/anidiwall.fr\/#organization","name":"Anidiwall","url":"https:\/\/anidiwall.fr\/","logo":{"@type":"ImageObject","inLanguage":"fr-FR","@id":"https:\/\/anidiwall.fr\/#\/schema\/logo\/image\/","url":"https:\/\/anidiwall.fr\/wp-content\/uploads\/2023\/02\/LOGO_ANIDIWALL_SANS_FOND_MOD.png","contentUrl":"https:\/\/anidiwall.fr\/wp-content\/uploads\/2023\/02\/LOGO_ANIDIWALL_SANS_FOND_MOD.png","width":1400,"height":577,"caption":"Anidiwall"},"image":{"@id":"https:\/\/anidiwall.fr\/#\/schema\/logo\/image\/"},"sameAs":["https:\/\/www.facebook.com\/profile.php?id=100089085783455","https:\/\/www.instagram.com\/soo_ads\/"]}]}},"_links":{"self":[{"href":"https:\/\/anidiwall.fr\/index.php\/wp-json\/wp\/v2\/pages\/531","targetHints":{"allow":["GET"]}}],"collection":[{"href":"https:\/\/anidiwall.fr\/index.php\/wp-json\/wp\/v2\/pages"}],"about":[{"href":"https:\/\/anidiwall.fr\/index.php\/wp-json\/wp\/v2\/types\/page"}],"author":[{"embeddable":true,"href":"https:\/\/anidiwall.fr\/index.php\/wp-json\/wp\/v2\/users\/1"}],"replies":[{"embeddable":true,"href":"https:\/\/anidiwall.fr\/index.php\/wp-json\/wp\/v2\/comments?post=531"}],"version-history":[{"count":79,"href":"https:\/\/anidiwall.fr\/index.php\/wp-json\/wp\/v2\/pages\/531\/revisions"}],"predecessor-version":[{"id":1363,"href":"https:\/\/anidiwall.fr\/index.php\/wp-json\/wp\/v2\/pages\/531\/revisions\/1363"}],"wp:attachment":[{"href":"https:\/\/anidiwall.fr\/index.php\/wp-json\/wp\/v2\/media?parent=531"}],"curies":[{"name":"wp","href":"https:\/\/api.w.org\/{rel}","templated":true}]}}